{"id":1482513,"date":"2021-03-24T18:54:12","date_gmt":"2021-03-24T18:54:12","guid":{"rendered":"https:\/\/www.locatellipins.com\/privacy-policy\/"},"modified":"2025-11-28T06:59:32","modified_gmt":"2025-11-28T05:59:32","slug":"privacy-policy","status":"publish","type":"page","link":"https:\/\/www.locatellipins.com\/en\/privacy-policy\/","title":{"rendered":"Privacy Policy"},"content":{"rendered":"\n<p>La presente informativa viene resa, ai sensi dell\u2019art. 13 GDPR 2016\/679 \u2013 \u201cRegolamento europeo sulla protezione dei dati personali\u201d, ai soggetti clienti (persone fisiche o ditte individuali) del Titolare.<\/p>\n\n\n\n<p><strong>Identit\u00e0 del Titolare<\/strong><br>The Data Controller is Locatelli Hair Pins srl with registered office in Via della Resistenza 45 28803 Premosello Chiovenda, (VB), in the person of its pro tempore legal representative.<\/p>\n\n\n\n<p><strong>Fonte dei dati<\/strong><br>I dati personali trattati sono quelli forniti dall\u2019interessato in occasione di:<br>\u2022 visite o telefonate;<br>\u2022 contatti diretti;<br>\u2022 trasmissioni e transazioni successive all\u2019ordine.<\/p>\n\n\n\n<p><strong>Finalit\u00e0 del trattamento<\/strong><br>I dati personali sono trattati per l\u2019esecuzione delle necessarie attivit\u00e0 precontrattuali, la definizione e l\u2019accettazione del servizio che regola la prestazione e il corretto svolgimento di tutte le attivit\u00e0 previste.<br>In particolare, vengono trattati per le seguente finalit\u00e0:<br>1. Acquisire, confermare, cancellare e gestire le prenotazioni di servizi di impianto a fune e servizi accessori, e per fornire i servizi richiesti.<br>2. Svolgimento delle attivit\u00e0 connesse e strumentali alla gestione del rapporto contrattuale (esecuzione della prestazione);<br>3. Comunicazione dei dati personali relativi al servizio per adempiere agli obblighi di legge vigente in materia di pubblica sicurezza, obblighi amministrativi, contabili e fiscali;<br>4. Eventuale registrazione degli accessi in struttura;<br>5. Acquisizione, registrazione e consultazione di dati personali dell\u2019interessato per fini di protezione delle persone, della propriet\u00e0 e del patrimonio aziendale attraverso eventuale sistema di<br>videosorveglianza;<br>6. Riprese fotografiche e\/o video a scopo di controllo e sicurezza impianto;<br>7. Invio di comunicazioni commerciali e di materiale informativo su offerte e tariffe relative a servizi erogati;<br>8. Svolgimento di attivit\u00e0 di customer satisfaction e\/o analisi di mercato per il miglioramento dei servizi erogati;<br>9. Riprese fotografiche e\/o video a scopo di promozione delle attivit\u00e0.<\/p>\n\n\n\n<p><strong>Base giuridica del trattamento<\/strong><br>I dati acquisiti per il conseguimento delle finalit\u00e0 indicate sono trattati lecitamente poich\u00e9 necessari per:<br>\u2022 l\u2019esecuzione di un contratto di cui l\u2019interessato \u00e8 parte o all\u2019esecuzione di misure precontrattuali adottate su richiesta dello stesso (finalit\u00e0 di cui al punto 1 e 2);<br>\u2022 adempimento di un obbligo legale al quale \u00e8 soggetto il Titolare del trattamento (finalit\u00e0 di cui al punto 3);<br>\u2022 perseguimento di un legittimo interesse del Titolare: la salvaguardia della sicurezza delle persone e del patrimonio aziendale (finalit\u00e0 4, 5 e 6);<br>\u2022 consenso esplicito dell\u2019interessato prestato mediante sottoscrizione per ciascuna delle finalit\u00e0 (finalit\u00e0 7, 8 e 9).<\/p>\n\n\n\n<p><strong>Destinatari dei dati<\/strong><br>I dati personali trattati dal Titolare non sono diffusi, ovvero non ne viene data conoscenza a soggetti indeterminati, in nessuna possibile forma, inclusa quella della loro messa a disposizione o semplice consultazione. Possono, invece, essere comunica. ai lavoratori che operano alle dipendenze del Titolare, ai soggetti esterni che con esso collaborano designa. in qualit\u00e0 di Responsabili del<br>trattamento o autorizza. al trattamento in quanto operanti sotto l\u2019autorit\u00e0 del Titolare del trattamento.<br>In particolare, sulla base dei ruoli e delle mansioni lavorative espletate, i lavoratori sono stati legittimati a trattare i vostri dati personali, nei limiti delle loro competenze e in conformit\u00e0 alle istruzioni ad essi impartite dal Titolare del trattamento.<br>Possono inoltre essere comunicati, nei limiti strettamente necessari, ai soggetti che per finalit\u00e0 di evasione delle vostre richieste debbano fornire beni o eseguire su incarico del Titolare prestazioni o<br>servizi. Infine, possono essere comunicati ai soggetti legittimati ad accedervi in forza di disposizioni di legge, regolamenti, normative comunitarie.<br>I soggetti esterni che operano sotto l\u2019autorit\u00e0 del Titolare sono stati anch\u2019essi opportunamente autorizzati in base al tipo di prestazione fornita, al trattamento effettuato, alla natura dei dati trattati.<br>I soggetti esterni ai quali il Titolare ha affidato un trattamento di dati personali sono stati designati Responsabili di trattamento.<\/p>\n\n\n\n<p><strong>Trasferimento dei dati<\/strong><br>Il Titolare del trattamento non trasferisce i dati personali in paesi terzi n\u00e8 a organizzazioni internazionali. Si riserva inoltre la possibilit\u00e0 di utilizzare servizi in cloud; nel qual caso, i fornitori dei<br>servizi saranno seleziona. tra coloro che forniscono garanzie adeguate, cos\u00ec come previsto dall\u2019art. 46 GDPR 2016\/679.<\/p>\n\n\n\n<p><strong>Conservazione dei dati<\/strong><br>Il Titolare del trattamento conserva e tratta i dati personali per il tempo necessario ad adempiere alle finalit\u00e0 indicate. Nella fattispecie, i dati dei clienti sono conservati fino alla prescrizione<br>amministrativa.<\/p>\n\n\n\n<p><strong>Diritti dell\u2019interessato<\/strong><br>Con riferimento agli artt. 15 \u2013 diritto di accesso, 16 \u2013 diritto di rettifica, 17 \u2013 diritto alla cancellazione, 18 \u2013 diritto alla limitazione del trattamento, 20 \u2013 diritto alla portabilit\u00e0, 21 \u2013 diritto<br>di opposizione, 22 diritto di opposizione al processo decisionale automatizzato del GDPR , l\u2019interessato esercita i suoi diritti scrivendo al Titolare del trattamento all\u2019indirizzo sopra riportato,<br>oppure a mezzo e-mail, specificando l\u2019oggetto della sua richiesta, il diritto che intende esercitare e allegando fotocopia di un documento di identit\u00e0 che attesta la legittimit\u00e0 della richiesta.<br>Il Titolare ricorda in particolare che ogni soggetto interessato pu\u00f2 esercitare il diritto di opposizione nelle forme e nei modi previsti dall\u2019art. 21 GDPR.<\/p>\n\n\n\n<p><strong>Revoca del consenso<\/strong><br>Con riferimento all\u2019art. 7 del GDPR, l\u2019interessato pu\u00f2 revocare in qualsiasi momento il consenso eventualmente prestato. Tuttavia, il trattamento oggetto della presente informativa \u00e8 lecito e<br>consentito, anche in assenza di consenso, in quanto necessario all\u2019esecuzione di un contratto di cui \u00e8 parte l\u2019interessato (il rapporto di fornitura di prodotti e\/o servizi) e altre basi giuridiche su<br>indicate.<\/p>\n\n\n\n<p><strong>Rifiuto al conferimento dei dati<\/strong><br>L\u2019interessato non pu\u00f2 rifiutarsi di conferire al Titolare i suoi dati personali necessari per gli adempimenti civilistici, contabili, fiscali connessi con la fornitura o la prestazione.<br>Il conferimento di ulteriori dati personali, pur essendo facoltativo, \u00e8 per\u00f2 necessario per una corretta ed efficiente gestione del rapporto contrattuale. Pertanto, un eventuale rifiuto al<br>conferimento potr\u00e0 compromettere in tutto o in parte il rapporto contrattuale stesso.<\/p>\n\n\n\n<p><strong>Processi decisionali automatizzati<\/strong><br>In nessun caso, relativamente ai trattamento di seguito indica., il Titolare effettua trattamenti che consistono in processi decisionali automatizzati sui dati delle persone fisiche.<\/p>\n","protected":false},"excerpt":{"rendered":"<p>La presente informativa viene resa, ai sensi dell\u2019art. 13 GDPR 2016\/679 \u2013 \u201cRegolamento europeo sulla protezione dei dati personali\u201d, ai<\/p>\n","protected":false},"author":1,"featured_media":0,"parent":0,"menu_order":0,"comment_status":"closed","ping_status":"open","template":"","meta":{"footnotes":""},"class_list":["post-1482513","page","type-page","status-publish","hentry"],"yoast_head":"<!-- This site is optimized with the Yoast SEO plugin v22.6 - https:\/\/yoast.com\/wordpress\/plugins\/seo\/ -->\n<title>Privacy Policy - Locatelli<\/title>\n<meta name=\"robots\" content=\"index, follow, max-snippet:-1, max-image-preview:large, max-video-preview:-1\" \/>\n<link rel=\"canonical\" href=\"https:\/\/www.locatellipins.com\/en\/privacy-policy\/\" \/>\n<meta property=\"og:locale\" content=\"en_US\" \/>\n<meta property=\"og:type\" content=\"article\" \/>\n<meta property=\"og:title\" content=\"Privacy Policy - Locatelli\" \/>\n<meta property=\"og:description\" content=\"La presente informativa viene resa, ai sensi dell\u2019art. 13 GDPR 2016\/679 \u2013 \u201cRegolamento europeo sulla protezione dei dati personali\u201d, ai\" \/>\n<meta property=\"og:url\" content=\"https:\/\/www.locatellipins.com\/en\/privacy-policy\/\" \/>\n<meta property=\"og:site_name\" content=\"Locatelli\" \/>\n<meta property=\"article:publisher\" content=\"https:\/\/www.facebook.com\/profile.php?id=100066404032248\" \/>\n<meta property=\"article:modified_time\" content=\"2025-11-28T05:59:32+00:00\" \/>\n<meta name=\"twitter:card\" content=\"summary_large_image\" \/>\n<meta name=\"twitter:label1\" content=\"Est. reading time\" \/>\n\t<meta name=\"twitter:data1\" content=\"6 minutes\" \/>\n<script type=\"application\/ld+json\" class=\"yoast-schema-graph\">{\"@context\":\"https:\/\/schema.org\",\"@graph\":[{\"@type\":\"WebPage\",\"@id\":\"https:\/\/www.locatellipins.com\/en\/privacy-policy\/\",\"url\":\"https:\/\/www.locatellipins.com\/en\/privacy-policy\/\",\"name\":\"Privacy Policy - Locatelli\",\"isPartOf\":{\"@id\":\"https:\/\/www.locatellipins.com\/en\/#website\"},\"datePublished\":\"2021-03-24T18:54:12+00:00\",\"dateModified\":\"2025-11-28T05:59:32+00:00\",\"breadcrumb\":{\"@id\":\"https:\/\/www.locatellipins.com\/en\/privacy-policy\/#breadcrumb\"},\"inLanguage\":\"en-US\",\"potentialAction\":[{\"@type\":\"ReadAction\",\"target\":[\"https:\/\/www.locatellipins.com\/en\/privacy-policy\/\"]}]},{\"@type\":\"BreadcrumbList\",\"@id\":\"https:\/\/www.locatellipins.com\/en\/privacy-policy\/#breadcrumb\",\"itemListElement\":[{\"@type\":\"ListItem\",\"position\":1,\"name\":\"Home\",\"item\":\"https:\/\/www.locatellipins.com\/en\/\"},{\"@type\":\"ListItem\",\"position\":2,\"name\":\"Privacy Policy\"}]},{\"@type\":\"WebSite\",\"@id\":\"https:\/\/www.locatellipins.com\/en\/#website\",\"url\":\"https:\/\/www.locatellipins.com\/en\/\",\"name\":\"Locatelli\",\"description\":\"pins and more\",\"publisher\":{\"@id\":\"https:\/\/www.locatellipins.com\/en\/#organization\"},\"potentialAction\":[{\"@type\":\"SearchAction\",\"target\":{\"@type\":\"EntryPoint\",\"urlTemplate\":\"https:\/\/www.locatellipins.com\/en\/?s={search_term_string}\"},\"query-input\":\"required name=search_term_string\"}],\"inLanguage\":\"en-US\"},{\"@type\":\"Organization\",\"@id\":\"https:\/\/www.locatellipins.com\/en\/#organization\",\"name\":\"Locatelli\",\"url\":\"https:\/\/www.locatellipins.com\/en\/\",\"logo\":{\"@type\":\"ImageObject\",\"inLanguage\":\"en-US\",\"@id\":\"https:\/\/www.locatellipins.com\/en\/#\/schema\/logo\/image\/\",\"url\":\"https:\/\/www.locatellipins.com\/wp-content\/uploads\/2021\/03\/Logo-Locatelli-014.png\",\"contentUrl\":\"https:\/\/www.locatellipins.com\/wp-content\/uploads\/2021\/03\/Logo-Locatelli-014.png\",\"width\":336,\"height\":85,\"caption\":\"Locatelli\"},\"image\":{\"@id\":\"https:\/\/www.locatellipins.com\/en\/#\/schema\/logo\/image\/\"},\"sameAs\":[\"https:\/\/www.facebook.com\/profile.php?id=100066404032248\",\"https:\/\/www.instagram.com\/locatellihairpins\/\",\"https:\/\/www.linkedin.com\/company\/newulf-s-r-l---locatelli-pins\/about\/\"]}]}<\/script>\n<!-- \/ Yoast SEO plugin. -->","yoast_head_json":{"title":"Privacy Policy - Locatelli","robots":{"index":"index","follow":"follow","max-snippet":"max-snippet:-1","max-image-preview":"max-image-preview:large","max-video-preview":"max-video-preview:-1"},"canonical":"https:\/\/www.locatellipins.com\/en\/privacy-policy\/","og_locale":"en_US","og_type":"article","og_title":"Privacy Policy - Locatelli","og_description":"La presente informativa viene resa, ai sensi dell\u2019art. 13 GDPR 2016\/679 \u2013 \u201cRegolamento europeo sulla protezione dei dati personali\u201d, ai","og_url":"https:\/\/www.locatellipins.com\/en\/privacy-policy\/","og_site_name":"Locatelli","article_publisher":"https:\/\/www.facebook.com\/profile.php?id=100066404032248","article_modified_time":"2025-11-28T05:59:32+00:00","twitter_card":"summary_large_image","twitter_misc":{"Est. reading time":"6 minutes"},"schema":{"@context":"https:\/\/schema.org","@graph":[{"@type":"WebPage","@id":"https:\/\/www.locatellipins.com\/en\/privacy-policy\/","url":"https:\/\/www.locatellipins.com\/en\/privacy-policy\/","name":"Privacy Policy - Locatelli","isPartOf":{"@id":"https:\/\/www.locatellipins.com\/en\/#website"},"datePublished":"2021-03-24T18:54:12+00:00","dateModified":"2025-11-28T05:59:32+00:00","breadcrumb":{"@id":"https:\/\/www.locatellipins.com\/en\/privacy-policy\/#breadcrumb"},"inLanguage":"en-US","potentialAction":[{"@type":"ReadAction","target":["https:\/\/www.locatellipins.com\/en\/privacy-policy\/"]}]},{"@type":"BreadcrumbList","@id":"https:\/\/www.locatellipins.com\/en\/privacy-policy\/#breadcrumb","itemListElement":[{"@type":"ListItem","position":1,"name":"Home","item":"https:\/\/www.locatellipins.com\/en\/"},{"@type":"ListItem","position":2,"name":"Privacy Policy"}]},{"@type":"WebSite","@id":"https:\/\/www.locatellipins.com\/en\/#website","url":"https:\/\/www.locatellipins.com\/en\/","name":"Locatelli","description":"pins and more","publisher":{"@id":"https:\/\/www.locatellipins.com\/en\/#organization"},"potentialAction":[{"@type":"SearchAction","target":{"@type":"EntryPoint","urlTemplate":"https:\/\/www.locatellipins.com\/en\/?s={search_term_string}"},"query-input":"required name=search_term_string"}],"inLanguage":"en-US"},{"@type":"Organization","@id":"https:\/\/www.locatellipins.com\/en\/#organization","name":"Locatelli","url":"https:\/\/www.locatellipins.com\/en\/","logo":{"@type":"ImageObject","inLanguage":"en-US","@id":"https:\/\/www.locatellipins.com\/en\/#\/schema\/logo\/image\/","url":"https:\/\/www.locatellipins.com\/wp-content\/uploads\/2021\/03\/Logo-Locatelli-014.png","contentUrl":"https:\/\/www.locatellipins.com\/wp-content\/uploads\/2021\/03\/Logo-Locatelli-014.png","width":336,"height":85,"caption":"Locatelli"},"image":{"@id":"https:\/\/www.locatellipins.com\/en\/#\/schema\/logo\/image\/"},"sameAs":["https:\/\/www.facebook.com\/profile.php?id=100066404032248","https:\/\/www.instagram.com\/locatellihairpins\/","https:\/\/www.linkedin.com\/company\/newulf-s-r-l---locatelli-pins\/about\/"]}]}},"_links":{"self":[{"href":"https:\/\/www.locatellipins.com\/en\/wp-json\/wp\/v2\/pages\/1482513","targetHints":{"allow":["GET"]}}],"collection":[{"href":"https:\/\/www.locatellipins.com\/en\/wp-json\/wp\/v2\/pages"}],"about":[{"href":"https:\/\/www.locatellipins.com\/en\/wp-json\/wp\/v2\/types\/page"}],"author":[{"embeddable":true,"href":"https:\/\/www.locatellipins.com\/en\/wp-json\/wp\/v2\/users\/1"}],"replies":[{"embeddable":true,"href":"https:\/\/www.locatellipins.com\/en\/wp-json\/wp\/v2\/comments?post=1482513"}],"version-history":[{"count":2,"href":"https:\/\/www.locatellipins.com\/en\/wp-json\/wp\/v2\/pages\/1482513\/revisions"}],"predecessor-version":[{"id":1482517,"href":"https:\/\/www.locatellipins.com\/en\/wp-json\/wp\/v2\/pages\/1482513\/revisions\/1482517"}],"wp:attachment":[{"href":"https:\/\/www.locatellipins.com\/en\/wp-json\/wp\/v2\/media?parent=1482513"}],"curies":[{"name":"wp","href":"https:\/\/api.w.org\/{rel}","templated":true}]}}